{"id":34,"date":"2020-09-14T23:14:23","date_gmt":"2020-09-15T02:14:23","guid":{"rendered":"https:\/\/solnerg.cl\/hazte-parte\/?page_id=34"},"modified":"2020-12-02T00:55:38","modified_gmt":"2020-12-02T03:55:38","slug":"home","status":"publish","type":"page","link":"https:\/\/solnerg.cl\/hazte-parte\/","title":{"rendered":"home"},"content":{"rendered":"<p>[et_pb_section fb_built=\u00bb1&#8243; fullwidth=\u00bbon\u00bb disabled_on=\u00bbon|on|off\u00bb _builder_version=\u00bb4.6.1&#8243; background_color=\u00bb#2ea3f2&#8243; use_background_color_gradient=\u00bbon\u00bb background_color_gradient_start=\u00bb#ffffff\u00bb background_color_gradient_end=\u00bb#2e6df4&#8243; background_color_gradient_direction=\u00bb330deg\u00bb background_image=\u00bbhttps:\/\/solnerg.cl\/hazte-parte\/wp-content\/uploads\/2020\/09\/solnerg_horizontal.jpg\u00bb custom_margin=\u00bb||||false|false\u00bb da_disable_devices=\u00bboff|off|off\u00bb da_is_popup=\u00bboff\u00bb da_exit_intent=\u00bboff\u00bb da_has_close=\u00bbon\u00bb da_alt_close=\u00bboff\u00bb da_dark_close=\u00bboff\u00bb da_not_modal=\u00bbon\u00bb da_is_singular=\u00bboff\u00bb da_with_loader=\u00bboff\u00bb da_has_shadow=\u00bbon\u00bb][et_pb_fullwidth_header title=\u00bbSolnerg\u00bb subhead=\u00bbEficiencia energ\u00e9tica\u00bb content_max_width=\u00bbnone\u00bb _builder_version=\u00bb4.6.1&#8243; title_text_color=\u00bbrgba(0,0,0,0)\u00bb subhead_text_color=\u00bbrgba(0,0,0,0)\u00bb background_color=\u00bbrgba(255, 255, 255, 0)\u00bb custom_margin=\u00bb||-14px|||\u00bb button_one_text_size__hover_enabled=\u00bboff\u00bb button_two_text_size__hover_enabled=\u00bboff\u00bb button_one_text_color__hover_enabled=\u00bboff\u00bb button_two_text_color__hover_enabled=\u00bboff\u00bb button_one_border_width__hover_enabled=\u00bboff\u00bb button_two_border_width__hover_enabled=\u00bboff\u00bb button_one_border_color__hover_enabled=\u00bboff\u00bb button_two_border_color__hover_enabled=\u00bboff\u00bb button_one_border_radius__hover_enabled=\u00bboff\u00bb button_two_border_radius__hover_enabled=\u00bboff\u00bb button_one_letter_spacing__hover_enabled=\u00bboff\u00bb button_two_letter_spacing__hover_enabled=\u00bboff\u00bb button_one_bg_color__hover_enabled=\u00bboff\u00bb button_two_bg_color__hover_enabled=\u00bboff\u00bb][\/et_pb_fullwidth_header][\/et_pb_section][et_pb_section fb_built=\u00bb1&#8243; _builder_version=\u00bb4.6.1&#8243; _module_preset=\u00bbdefault\u00bb custom_margin=\u00bb-14px|||||\u00bb custom_padding=\u00bb0px||0px|||\u00bb da_disable_devices=\u00bboff|off|off\u00bb da_is_popup=\u00bboff\u00bb da_exit_intent=\u00bboff\u00bb da_has_close=\u00bbon\u00bb da_alt_close=\u00bboff\u00bb da_dark_close=\u00bboff\u00bb da_not_modal=\u00bbon\u00bb da_is_singular=\u00bboff\u00bb da_with_loader=\u00bboff\u00bb da_has_shadow=\u00bbon\u00bb][et_pb_row column_structure=\u00bb1_2,1_2&#8243; _builder_version=\u00bb4.6.1&#8243; _module_preset=\u00bbdefault\u00bb width=\u00bb100%\u00bb max_width=\u00bb80%\u00bb max_width_tablet=\u00bb100%\u00bb max_width_phone=\u00bb100%\u00bb max_width_last_edited=\u00bbon|desktop\u00bb custom_padding=\u00bb4px|||||\u00bb][et_pb_column type=\u00bb1_2&#8243; _builder_version=\u00bb4.6.1&#8243; _module_preset=\u00bbdefault\u00bb][et_pb_image src=\u00bbhttps:\/\/solnerg.cl\/hazte-parte\/wp-content\/uploads\/2020\/09\/imagen-lateral.jpg\u00bb title_text=\u00bbimagen lateral\u00bb _builder_version=\u00bb4.6.1&#8243; _module_preset=\u00bbdefault\u00bb][\/et_pb_image][\/et_pb_column][et_pb_column type=\u00bb1_2&#8243; _builder_version=\u00bb4.6.1&#8243; _module_preset=\u00bbdefault\u00bb][et_pb_text _builder_version=\u00bb4.6.5&#8243; _module_preset=\u00bbdefault\u00bb text_font=\u00bb|600|||||||\u00bb text_text_color=\u00bb#000000&#8243; text_font_size=\u00bb16px\u00bb text_orientation=\u00bbjustified\u00bb custom_margin=\u00bb30px||||false|false\u00bb custom_margin_tablet=\u00bb\u00bb custom_margin_phone=\u00bb\u00bb custom_margin_last_edited=\u00bbon|desktop\u00bb custom_padding=\u00bb||||false|false\u00bb link_option_url=\u00bbhttps:\/\/solnerg.cl\/hazte-parte\/loquehacemos\/\u00bb link_option_url_new_window=\u00bbon\u00bb text_font_size_tablet=\u00bb\u00bb text_font_size_phone=\u00bb\u00bb text_font_size_last_edited=\u00bbon|phone\u00bb]<\/p>\n<p>Queremos ser un aporte en la reducci\u00f3n de quema de combustibles f\u00f3siles e implementar, en la medida de lo posible, soluciones que entreguen energ\u00eda de fuentes renovables e infinitas.<br \/> Revisa lo que hacemos <span style=\"text-decoration: underline;\"><span style=\"color: #1d0cd3; text-decoration: underline;\">AQUI<\/span><\/span><\/p>\n<p>[\/et_pb_text][et_pb_text _builder_version=\u00bb4.6.5&#8243; _module_preset=\u00bbdefault\u00bb text_text_color=\u00bb#000000&#8243; text_font_size=\u00bb16px\u00bb custom_margin=\u00bb-3px||||false|false\u00bb custom_margin_tablet=\u00bb5px||||false|false\u00bb custom_margin_phone=\u00bb\u00bb custom_margin_last_edited=\u00bbon|phone\u00bb custom_padding_tablet=\u00bb|20px||20px|false|false\u00bb custom_padding_phone=\u00bb\u00bb custom_padding_last_edited=\u00bbon|desktop\u00bb]<\/p>\n<p>\u00a0Entr\u00e9ganos el contacto de quien pudiera estar interesado en desarrollar un proyecto de eficiencia energ\u00e9tica y si el negocio sale adelante (se concreta), te premiaremos con <strong>$300.000.<\/strong><br \/> Te invitamos a darnos el contacto en edificios residenciales a trav\u00e9s de su comit\u00e9 de administraci\u00f3n (propietarios). Tambi\u00e9n pueden ser contactos en Negocios comerciales\/Industriales, a trav\u00e9s de sus Gerentes T\u00e9cnicos y\/o de Operaciones.<br \/> Mientras mas contactos des, mas posibilidades hay de ganar.<\/p>\n<p>[\/et_pb_text][et_pb_contact_form email=\u00bbjvarela@solnerg.cl,info@webservicios.cl\u00bb title=\u00bbD\u00e9janos tus datos\u00bb custom_message=\u00bbSOLICITUD DE REGISTRO DE REFERIDO||et_pb_line_break_holder||||et_pb_line_break_holder||Datos del solicitante:||et_pb_line_break_holder||||et_pb_line_break_holder||Nombre    :     %%Name%% %%Apellido%%||et_pb_line_break_holder||Email     :     %%Email%%||et_pb_line_break_holder||Tel\u00e9fono  :     %%Telefono%%||et_pb_line_break_holder||RUT       :     %%Rut%%||et_pb_line_break_holder||||et_pb_line_break_holder||\u00bfPRESENTA REFERIDO?  %%Referido%%||et_pb_line_break_holder||||et_pb_line_break_holder||||et_pb_line_break_holder||Nombre Referido  :     %%Referido%%  %%apellidoreferido%%||et_pb_line_break_holder||Celular Referido :     %%Celular%%||et_pb_line_break_holder||Email Referido   :     %%Correo_referido%%||et_pb_line_break_holder||Rol del referido ||et_pb_line_break_holder||en el Proyecto   :     %%Rol%%||et_pb_line_break_holder||Tipo de Proyecto :     %%Tipo%%   %%Otro%%||et_pb_line_break_holder||||et_pb_line_break_holder||Comuna           :     %%Comuna%%||et_pb_line_break_holder||||et_pb_line_break_holder||ACEPTA  CONDICIONES  : %%Condiciones%%||et_pb_line_break_holder||||et_pb_line_break_holder||^^^^^^^^^^^^^^^^^^^^^^^^^^^^^^||et_pb_line_break_holder||||et_pb_line_break_holder||\u00bb use_redirect=\u00bbon\u00bb redirect_url=\u00bbhttps:\/\/solnerg.cl\/hazte-parte\/home\/\u00bb success_message=\u00bbSu mensaje ha sido enviado\u00bb _builder_version=\u00bb4.6.6&#8243; _module_preset=\u00bbdefault\u00bb captcha_font=\u00bb|700|||||||\u00bb captcha_text_color=\u00bb#e02b20&#8243; captcha_font_size=\u00bb19px\u00bb custom_button=\u00bbon\u00bb button_text_color=\u00bb#ffffff\u00bb button_bg_color=\u00bb#0c71c3&#8243; button_border_width=\u00bb0px\u00bb button_border_radius=\u00bb5px\u00bb button_use_icon=\u00bboff\u00bb custom_margin=\u00bb||-6px|||\u00bb custom_padding_tablet=\u00bb|50px||50px|false|false\u00bb custom_padding_phone=\u00bb|30px||30px|false|false\u00bb custom_padding_last_edited=\u00bbon|desktop\u00bb button_bg_color__hover_enabled=\u00bbon|desktop\u00bb button_bg_color__hover=\u00bb#e09900&#8243; button_bg_enable_color__hover=\u00bbon\u00bb][et_pb_contact_field field_id=\u00bbName\u00bb field_title=\u00bbNombre\u00bb _builder_version=\u00bb4.6.5&#8243; button_text_size__hover_enabled=\u00bboff\u00bb button_one_text_size__hover_enabled=\u00bboff\u00bb button_two_text_size__hover_enabled=\u00bboff\u00bb button_text_color__hover_enabled=\u00bboff\u00bb button_one_text_color__hover_enabled=\u00bboff\u00bb button_two_text_color__hover_enabled=\u00bboff\u00bb button_border_width__hover_enabled=\u00bboff\u00bb button_one_border_width__hover_enabled=\u00bboff\u00bb button_two_border_width__hover_enabled=\u00bboff\u00bb button_border_color__hover_enabled=\u00bboff\u00bb button_one_border_color__hover_enabled=\u00bboff\u00bb button_two_border_color__hover_enabled=\u00bboff\u00bb button_border_radius__hover_enabled=\u00bboff\u00bb button_one_border_radius__hover_enabled=\u00bboff\u00bb button_two_border_radius__hover_enabled=\u00bboff\u00bb button_letter_spacing__hover_enabled=\u00bboff\u00bb button_one_letter_spacing__hover_enabled=\u00bboff\u00bb button_two_letter_spacing__hover_enabled=\u00bboff\u00bb button_bg_color__hover_enabled=\u00bboff\u00bb button_one_bg_color__hover_enabled=\u00bboff\u00bb button_two_bg_color__hover_enabled=\u00bboff\u00bb][\/et_pb_contact_field][et_pb_contact_field field_id=\u00bbApellido\u00bb field_title=\u00bbApellidos\u00bb _builder_version=\u00bb4.6.5&#8243; button_text_size__hover_enabled=\u00bboff\u00bb button_one_text_size__hover_enabled=\u00bboff\u00bb button_two_text_size__hover_enabled=\u00bboff\u00bb button_text_color__hover_enabled=\u00bboff\u00bb button_one_text_color__hover_enabled=\u00bboff\u00bb button_two_text_color__hover_enabled=\u00bboff\u00bb button_border_width__hover_enabled=\u00bboff\u00bb button_one_border_width__hover_enabled=\u00bboff\u00bb button_two_border_width__hover_enabled=\u00bboff\u00bb button_border_color__hover_enabled=\u00bboff\u00bb button_one_border_color__hover_enabled=\u00bboff\u00bb button_two_border_color__hover_enabled=\u00bboff\u00bb button_border_radius__hover_enabled=\u00bboff\u00bb button_one_border_radius__hover_enabled=\u00bboff\u00bb button_two_border_radius__hover_enabled=\u00bboff\u00bb button_letter_spacing__hover_enabled=\u00bboff\u00bb button_one_letter_spacing__hover_enabled=\u00bboff\u00bb button_two_letter_spacing__hover_enabled=\u00bboff\u00bb button_bg_color__hover_enabled=\u00bboff\u00bb button_one_bg_color__hover_enabled=\u00bboff\u00bb button_two_bg_color__hover_enabled=\u00bboff\u00bb][\/et_pb_contact_field][et_pb_contact_field field_id=\u00bbEmail\u00bb field_title=\u00bbEmail\u00bb field_type=\u00bbemail\u00bb _builder_version=\u00bb4.6.5&#8243; button_text_size__hover_enabled=\u00bboff\u00bb button_one_text_size__hover_enabled=\u00bboff\u00bb button_two_text_size__hover_enabled=\u00bboff\u00bb button_text_color__hover_enabled=\u00bboff\u00bb button_one_text_color__hover_enabled=\u00bboff\u00bb button_two_text_color__hover_enabled=\u00bboff\u00bb button_border_width__hover_enabled=\u00bboff\u00bb button_one_border_width__hover_enabled=\u00bboff\u00bb button_two_border_width__hover_enabled=\u00bboff\u00bb button_border_color__hover_enabled=\u00bboff\u00bb button_one_border_color__hover_enabled=\u00bboff\u00bb button_two_border_color__hover_enabled=\u00bboff\u00bb button_border_radius__hover_enabled=\u00bboff\u00bb button_one_border_radius__hover_enabled=\u00bboff\u00bb button_two_border_radius__hover_enabled=\u00bboff\u00bb button_letter_spacing__hover_enabled=\u00bboff\u00bb button_one_letter_spacing__hover_enabled=\u00bboff\u00bb button_two_letter_spacing__hover_enabled=\u00bboff\u00bb button_bg_color__hover_enabled=\u00bboff\u00bb button_one_bg_color__hover_enabled=\u00bboff\u00bb button_two_bg_color__hover_enabled=\u00bboff\u00bb][\/et_pb_contact_field][et_pb_contact_field field_id=\u00bbTelefono\u00bb field_title=\u00bbTel\u00e9fono\u00bb _builder_version=\u00bb4.6.5&#8243; button_text_size__hover_enabled=\u00bboff\u00bb button_one_text_size__hover_enabled=\u00bboff\u00bb button_two_text_size__hover_enabled=\u00bboff\u00bb button_text_color__hover_enabled=\u00bboff\u00bb button_one_text_color__hover_enabled=\u00bboff\u00bb button_two_text_color__hover_enabled=\u00bboff\u00bb button_border_width__hover_enabled=\u00bboff\u00bb button_one_border_width__hover_enabled=\u00bboff\u00bb button_two_border_width__hover_enabled=\u00bboff\u00bb button_border_color__hover_enabled=\u00bboff\u00bb button_one_border_color__hover_enabled=\u00bboff\u00bb button_two_border_color__hover_enabled=\u00bboff\u00bb button_border_radius__hover_enabled=\u00bboff\u00bb button_one_border_radius__hover_enabled=\u00bboff\u00bb button_two_border_radius__hover_enabled=\u00bboff\u00bb button_letter_spacing__hover_enabled=\u00bboff\u00bb button_one_letter_spacing__hover_enabled=\u00bboff\u00bb button_two_letter_spacing__hover_enabled=\u00bboff\u00bb button_bg_color__hover_enabled=\u00bboff\u00bb button_one_bg_color__hover_enabled=\u00bboff\u00bb button_two_bg_color__hover_enabled=\u00bboff\u00bb][\/et_pb_contact_field][et_pb_contact_field field_id=\u00bbRut\u00bb field_title=\u00bbRUT\u00bb _builder_version=\u00bb4.6.5&#8243; button_text_size__hover_enabled=\u00bboff\u00bb button_one_text_size__hover_enabled=\u00bboff\u00bb button_two_text_size__hover_enabled=\u00bboff\u00bb button_text_color__hover_enabled=\u00bboff\u00bb button_one_text_color__hover_enabled=\u00bboff\u00bb button_two_text_color__hover_enabled=\u00bboff\u00bb button_border_width__hover_enabled=\u00bboff\u00bb button_one_border_width__hover_enabled=\u00bboff\u00bb button_two_border_width__hover_enabled=\u00bboff\u00bb button_border_color__hover_enabled=\u00bboff\u00bb button_one_border_color__hover_enabled=\u00bboff\u00bb button_two_border_color__hover_enabled=\u00bboff\u00bb button_border_radius__hover_enabled=\u00bboff\u00bb button_one_border_radius__hover_enabled=\u00bboff\u00bb button_two_border_radius__hover_enabled=\u00bboff\u00bb button_letter_spacing__hover_enabled=\u00bboff\u00bb button_one_letter_spacing__hover_enabled=\u00bboff\u00bb button_two_letter_spacing__hover_enabled=\u00bboff\u00bb button_bg_color__hover_enabled=\u00bboff\u00bb button_one_bg_color__hover_enabled=\u00bboff\u00bb button_two_bg_color__hover_enabled=\u00bboff\u00bb][\/et_pb_contact_field][et_pb_contact_field field_id=\u00bbblanco\u00bb field_title=\u00bb&#8230;.\u00bb required_mark=\u00bboff\u00bb _builder_version=\u00bb4.6.5&#8243; form_field_background_color=\u00bb#ffffff\u00bb form_field_text_color=\u00bb#ffffff\u00bb button_text_size__hover_enabled=\u00bboff\u00bb button_one_text_size__hover_enabled=\u00bboff\u00bb button_two_text_size__hover_enabled=\u00bboff\u00bb button_text_color__hover_enabled=\u00bboff\u00bb button_one_text_color__hover_enabled=\u00bboff\u00bb button_two_text_color__hover_enabled=\u00bboff\u00bb button_border_width__hover_enabled=\u00bboff\u00bb button_one_border_width__hover_enabled=\u00bboff\u00bb button_two_border_width__hover_enabled=\u00bboff\u00bb button_border_color__hover_enabled=\u00bboff\u00bb button_one_border_color__hover_enabled=\u00bboff\u00bb button_two_border_color__hover_enabled=\u00bboff\u00bb button_border_radius__hover_enabled=\u00bboff\u00bb button_one_border_radius__hover_enabled=\u00bboff\u00bb button_two_border_radius__hover_enabled=\u00bboff\u00bb button_letter_spacing__hover_enabled=\u00bboff\u00bb button_one_letter_spacing__hover_enabled=\u00bboff\u00bb button_two_letter_spacing__hover_enabled=\u00bboff\u00bb button_bg_color__hover_enabled=\u00bboff\u00bb button_one_bg_color__hover_enabled=\u00bboff\u00bb button_two_bg_color__hover_enabled=\u00bboff\u00bb][\/et_pb_contact_field][et_pb_contact_field field_id=\u00bbblanco2&#8243; field_title=\u00bbINFORMACI\u00d3N DEL REFERIDO\u00bb required_mark=\u00bboff\u00bb fullwidth_field=\u00bbon\u00bb _builder_version=\u00bb4.6.5&#8243; form_field_background_color=\u00bb#ffffff\u00bb form_field_text_color=\u00bb#000000&#8243; form_field_font=\u00bb|700|||||||\u00bb form_field_font_size=\u00bb15px\u00bb button_text_size__hover_enabled=\u00bboff\u00bb button_one_text_size__hover_enabled=\u00bboff\u00bb button_two_text_size__hover_enabled=\u00bboff\u00bb button_text_color__hover_enabled=\u00bboff\u00bb button_one_text_color__hover_enabled=\u00bboff\u00bb button_two_text_color__hover_enabled=\u00bboff\u00bb button_border_width__hover_enabled=\u00bboff\u00bb button_one_border_width__hover_enabled=\u00bboff\u00bb button_two_border_width__hover_enabled=\u00bboff\u00bb button_border_color__hover_enabled=\u00bboff\u00bb button_one_border_color__hover_enabled=\u00bboff\u00bb button_two_border_color__hover_enabled=\u00bboff\u00bb button_border_radius__hover_enabled=\u00bboff\u00bb button_one_border_radius__hover_enabled=\u00bboff\u00bb button_two_border_radius__hover_enabled=\u00bboff\u00bb button_letter_spacing__hover_enabled=\u00bboff\u00bb button_one_letter_spacing__hover_enabled=\u00bboff\u00bb button_two_letter_spacing__hover_enabled=\u00bboff\u00bb button_bg_color__hover_enabled=\u00bboff\u00bb button_one_bg_color__hover_enabled=\u00bboff\u00bb button_two_bg_color__hover_enabled=\u00bboff\u00bb][\/et_pb_contact_field][et_pb_contact_field field_id=\u00bbReferido\u00bb field_title=\u00bbNombre Referido\u00bb _builder_version=\u00bb4.6.5&#8243; _module_preset=\u00bbdefault\u00bb form_field_background_color=\u00bb#ffffff\u00bb form_field_text_color=\u00bb#000000&#8243; border_width_all=\u00bb1px\u00bb border_color_all=\u00bb#898989&#8243;][\/et_pb_contact_field][et_pb_contact_field field_id=\u00bbapellidoreferido\u00bb field_title=\u00bbApellidos  Referido\u00bb _builder_version=\u00bb4.6.5&#8243; _module_preset=\u00bbdefault\u00bb form_field_background_color=\u00bb#ffffff\u00bb form_field_text_color=\u00bb#000000&#8243; border_width_all=\u00bb1px\u00bb border_color_all=\u00bb#898989&#8243;][\/et_pb_contact_field][et_pb_contact_field field_id=\u00bbCelular\u00bb field_title=\u00bbCelular Referido\u00bb _builder_version=\u00bb4.6.5&#8243; _module_preset=\u00bbdefault\u00bb form_field_background_color=\u00bb#ffffff\u00bb form_field_text_color=\u00bb#000000&#8243; border_width_all=\u00bb1px\u00bb border_color_all=\u00bb#898989&#8243;][\/et_pb_contact_field][et_pb_contact_field field_id=\u00bbCorreo_referido\u00bb field_title=\u00bbMail Referido\u00bb field_type=\u00bbemail\u00bb _builder_version=\u00bb4.6.5&#8243; _module_preset=\u00bbdefault\u00bb form_field_background_color=\u00bb#ffffff\u00bb form_field_text_color=\u00bb#000000&#8243; border_width_all=\u00bb1px\u00bb border_color_all=\u00bb#898989&#8243;][\/et_pb_contact_field][et_pb_contact_field field_id=\u00bbRol\u00bb field_title=\u00bbRol o funci\u00f3n del referido en el Proyecto\u00bb _builder_version=\u00bb4.6.5&#8243; _module_preset=\u00bbdefault\u00bb form_field_background_color=\u00bb#ffffff\u00bb form_field_text_color=\u00bb#000000&#8243; border_width_all=\u00bb1px\u00bb border_color_all=\u00bb#898989&#8243;][\/et_pb_contact_field][et_pb_contact_field field_id=\u00bbTipo\u00bb field_title=\u00bbTipo de Proyecto\u00bb field_type=\u00bbradio\u00bb radio_options=\u00bb%91{%22value%22:%22Edificio Residencial%22,%22checked%22:0,%22dragID%22:-1},{%22value%22:%22Compa\u00f1\u00eda Industrial%22,%22checked%22:0,%22dragID%22:0},{%22value%22:%22Establecimiento Comercial%22,%22checked%22:0,%22dragID%22:1},{%22value%22:%22Casa Habitacional%22,%22checked%22:0,%22dragID%22:2},{%22value%22:%22Otro ( Identificar )%22,%22checked%22:0,%22dragID%22:3}%93&#8243; _builder_version=\u00bb4.6.5&#8243; _module_preset=\u00bbdefault\u00bb form_field_background_color=\u00bb#ffffff\u00bb form_field_text_color=\u00bb#000000&#8243; border_width_all=\u00bb1px\u00bb border_color_all=\u00bb#898989&#8243;][\/et_pb_contact_field][et_pb_contact_field field_id=\u00bbComuna\u00bb field_title=\u00bbComuna\u00bb required_mark=\u00bboff\u00bb _builder_version=\u00bb4.6.5&#8243; _module_preset=\u00bbdefault\u00bb form_field_background_color=\u00bb#ffffff\u00bb form_field_text_color=\u00bb#000000&#8243; border_width_all=\u00bb1px\u00bb border_color_all=\u00bb#898989&#8243;][\/et_pb_contact_field][et_pb_contact_field field_id=\u00bbOtro\u00bb field_title=\u00bbOtro\u00bb required_mark=\u00bboff\u00bb conditional_logic=\u00bbon\u00bb conditional_logic_relation=\u00bbon\u00bb conditional_logic_rules=\u00bb%91{%22field%22:%22tipo%22,%22condition%22:%22is%22,%22value%22:%22Otro ( Identificar )%22}%93&#8243; _builder_version=\u00bb4.6.5&#8243; _module_preset=\u00bbdefault\u00bb form_field_background_color=\u00bb#ffffff\u00bb form_field_text_color=\u00bb#000000&#8243; border_width_all=\u00bb1px\u00bb border_color_all=\u00bb#898989&#8243;][\/et_pb_contact_field][et_pb_contact_field field_id=\u00bbCondiciones\u00bb field_title=\u00bb \u00bb field_type=\u00bbradio\u00bb radio_options=\u00bb%91{%22value%22:%22Acepto T\u00e9rminos y Condiciones%22,%22checked%22:0,%22dragID%22:-1}%93&#8243; required_mark=\u00bboff\u00bb fullwidth_field=\u00bbon\u00bb _builder_version=\u00bb4.6.6&#8243; _module_preset=\u00bbdefault\u00bb form_field_background_color=\u00bb#d6d6d6&#8243; form_field_text_color=\u00bb#000000&#8243; form_field_focus_background_color=\u00bb#e02b20&#8243; form_field_focus_text_color=\u00bb#e02b20&#8243; form_field_font=\u00bb|800|||||||\u00bb form_field_font_size=\u00bb15px\u00bb text_orientation=\u00bbcenter\u00bb custom_padding=\u00bb23px||||false|false\u00bb border_width_all=\u00bb1px\u00bb border_color_all=\u00bb#0c71c3&#8243;][\/et_pb_contact_field][\/et_pb_contact_form][\/et_pb_column][\/et_pb_row][et_pb_row _builder_version=\u00bb4.6.6&#8243; _module_preset=\u00bbdefault\u00bb width=\u00bb100%\u00bb max_width=\u00bb80%\u00bb][et_pb_column type=\u00bb4_4&#8243; _builder_version=\u00bb4.6.6&#8243; _module_preset=\u00bbdefault\u00bb][et_pb_button button_url=\u00bb#condiciones\u00bb button_text=\u00bbVer T\u00e9rminos y Condiciones\u00bb button_alignment=\u00bbcenter\u00bb _builder_version=\u00bb4.6.6&#8243; _module_preset=\u00bbdefault\u00bb custom_button=\u00bbon\u00bb button_text_size=\u00bb24px\u00bb button_text_color=\u00bb#ffffff\u00bb button_bg_color=\u00bb#b53319&#8243; button_border_radius=\u00bb12px\u00bb button_use_icon=\u00bboff\u00bb transform_scale_tablet=\u00bb\u00bb transform_scale_phone=\u00bb\u00bb transform_scale_last_edited=\u00bbon|tablet\u00bb transform_translate_tablet=\u00bb\u00bb transform_translate_phone=\u00bb\u00bb transform_translate_last_edited=\u00bbon|phone\u00bb transform_rotate_tablet=\u00bb\u00bb transform_rotate_phone=\u00bb\u00bb transform_rotate_last_edited=\u00bbon|tablet\u00bb transform_skew_tablet=\u00bb\u00bb transform_skew_phone=\u00bb\u00bb transform_skew_last_edited=\u00bbon|tablet\u00bb transform_origin_tablet=\u00bb\u00bb transform_origin_phone=\u00bb\u00bb transform_origin_last_edited=\u00bbon|tablet\u00bb transform_styles_last_edited=\u00bbon|phone\u00bb custom_margin_tablet=\u00bb\u00bb custom_margin_phone=\u00bb\u00bb custom_margin_last_edited=\u00bbon|phone\u00bb transform_styles_tablet=\u00bb\u00bb transform_styles_phone=\u00bb\u00bb button_bg_color__hover_enabled=\u00bbon|desktop\u00bb button_bg_color__hover=\u00bb#ea3f20&#8243; button_bg_enable_color__hover=\u00bbon\u00bb][\/et_pb_button][\/et_pb_column][\/et_pb_row][\/et_pb_section][et_pb_section fb_built=\u00bb1&#8243; inner_shadow=\u00bbon\u00bb module_id=\u00bbcondiciones\u00bb module_class=\u00bbpopup\u00bb _builder_version=\u00bb4.6.6&#8243; _module_preset=\u00bbdefault\u00bb max_width=\u00bb50%\u00bb max_width_tablet=\u00bb100%\u00bb max_width_phone=\u00bb\u00bb max_width_last_edited=\u00bbon|phone\u00bb animation_style=\u00bbslide\u00bb da_is_popup=\u00bbon\u00bb da_popup_slug=\u00bbcondiciones\u00bb da_disable_devices=\u00bboff|off|off\u00bb da_exit_intent=\u00bboff\u00bb da_has_close=\u00bbon\u00bb da_alt_close=\u00bboff\u00bb da_dark_close=\u00bboff\u00bb da_not_modal=\u00bbon\u00bb da_is_singular=\u00bboff\u00bb da_with_loader=\u00bboff\u00bb da_has_shadow=\u00bbon\u00bb][et_pb_row _builder_version=\u00bb4.6.5&#8243; _module_preset=\u00bbdefault\u00bb width=\u00bb81%\u00bb max_width=\u00bb80%\u00bb module_alignment=\u00bbcenter\u00bb custom_padding=\u00bb2px|||||\u00bb][et_pb_column type=\u00bb4_4&#8243; _builder_version=\u00bb4.6.5&#8243; _module_preset=\u00bbdefault\u00bb][et_pb_text _builder_version=\u00bb4.7.4&#8243; _module_preset=\u00bbdefault\u00bb text_text_color=\u00bb#000000&#8243; text_font_size=\u00bb16px\u00bb header_2_font=\u00bb|600|||||||\u00bb hover_enabled=\u00bb0&#8243; sticky_enabled=\u00bb0&#8243;]<\/p>\n<h2><strong>T\u00e9rminos y Condiciones<\/strong><\/h2>\n<p>&nbsp;<\/p>\n<ol>\n<li>En Solnerg, nos comprometemos a contactar a tu referido solo para el fin, que es consultar su inter\u00e9s en cotizar un proyecto de eficiencia energ\u00e9tica, no otro.<\/li>\n<li>El pago del premio por ($300 Mil), se paga exclusivamente al concretarse el proyecto. Esto es, firmar un contrato de aceptaci\u00f3n de nuestro proyecto por parte de tu referido o de la empresa\/comunidad que represente, con Solnerg.<\/li>\n<li>El pago se har\u00e1 a una cuenta que coincida con el RUT de quien nos haya entregado el contacto.<\/li>\n<li>El conocimiento de que si el negocio se ha concretado o no, debes hacerlo mediante el contacto que nos has entregado. Tambi\u00e9n si deseas conocer los avances de este.<\/li>\n<li>Si hubiera un referido repetido (mismo referido, entregado por m\u00e1s de un contacto), el premio se lo entregaremos a quien antes haya hecho llegar el referido, de acuerdo con el horario que aparece en el mail nuestro de la llegada del contacto.<\/li>\n<li>Solnerg solo evaluar\u00e1 (y premiar\u00e1) proyectos por los que ha invitado a participar, que tienen relaci\u00f3n con edificios residenciales a trav\u00e9s de su comit\u00e9 de administraci\u00f3n (propietarios). Tambi\u00e9n pueden ser contactos en Negocios comerciales\/Industriales, a trav\u00e9s de sus Gerentes T\u00e9cnicos y\/o de Operaciones.<\/li>\n<\/ol>\n<p>[\/et_pb_text][\/et_pb_column][\/et_pb_row][\/et_pb_section]<\/p>\n","protected":false},"excerpt":{"rendered":"<p>Queremos ser un aporte en la reducci\u00f3n de quema de combustibles f\u00f3siles e implementar, en la medida de lo posible, soluciones que entreguen energ\u00eda de fuentes renovables e infinitas. Revisa lo que hacemos AQUI\u00a0Entr\u00e9ganos el contacto de quien pudiera estar interesado en desarrollar un proyecto de eficiencia energ\u00e9tica y si el negocio sale adelante (se [&hellip;]<\/p>\n","protected":false},"author":1,"featured_media":0,"parent":0,"menu_order":0,"comment_status":"closed","ping_status":"closed","template":"","meta":{"_et_pb_use_builder":"on","_et_pb_old_content":"","_et_gb_content_width":"","footnotes":""},"_links":{"self":[{"href":"https:\/\/solnerg.cl\/hazte-parte\/wp-json\/wp\/v2\/pages\/34"}],"collection":[{"href":"https:\/\/solnerg.cl\/hazte-parte\/wp-json\/wp\/v2\/pages"}],"about":[{"href":"https:\/\/solnerg.cl\/hazte-parte\/wp-json\/wp\/v2\/types\/page"}],"author":[{"embeddable":true,"href":"https:\/\/solnerg.cl\/hazte-parte\/wp-json\/wp\/v2\/users\/1"}],"replies":[{"embeddable":true,"href":"https:\/\/solnerg.cl\/hazte-parte\/wp-json\/wp\/v2\/comments?post=34"}],"version-history":[{"count":121,"href":"https:\/\/solnerg.cl\/hazte-parte\/wp-json\/wp\/v2\/pages\/34\/revisions"}],"predecessor-version":[{"id":307,"href":"https:\/\/solnerg.cl\/hazte-parte\/wp-json\/wp\/v2\/pages\/34\/revisions\/307"}],"wp:attachment":[{"href":"https:\/\/solnerg.cl\/hazte-parte\/wp-json\/wp\/v2\/media?parent=34"}],"curies":[{"name":"wp","href":"https:\/\/api.w.org\/{rel}","templated":true}]}}