{"id":2,"date":"2020-09-10T20:54:42","date_gmt":"2020-09-10T20:54:42","guid":{"rendered":"http:\/\/solnerg.cl\/hazte-parte\/?page_id=2"},"modified":"2020-09-14T23:11:25","modified_gmt":"2020-09-15T02:11:25","slug":"inicio","status":"publish","type":"page","link":"https:\/\/solnerg.cl\/hazte-parte\/inicio\/","title":{"rendered":"Inicio"},"content":{"rendered":"<p>[et_pb_section fb_built=\u00bb1&#8243; admin_label=\u00bbComing Soon Page With Animated Gradient Background<br \/>\n &#8211; Title\u00bb module_id=\u00bbslider-1&#8243; _builder_version=\u00bb4.6.1&#8243; custom_padding=\u00bb0px|0px|0px|0px|true|false\u00bb hover_enabled=\u00bb0&#8243; locked=\u00bboff\u00bb collapsed=\u00bbon\u00bb background_color=\u00bb#000000&#8243; sticky_enabled=\u00bb0&#8243;][et_pb_row _builder_version=\u00bb4.4.1&#8243; custom_padding=\u00bb|0px||0px|false|false\u00bb collapsed=\u00bboff\u00bb][et_pb_column type=\u00bb4_4&#8243; _builder_version=\u00bb4.0.10&#8243;][et_pb_text _builder_version=\u00bb4.6.1&#8243; text_font=\u00bbRoboto|700|||||||\u00bb text_font_size=\u00bb30px\u00bb header_font=\u00bbHind|700|||||||\u00bb header_text_color=\u00bb#000000&#8243; header_font_size=\u00bb36px\u00bb header_2_font=\u00bbHind|300|||||||\u00bb header_2_text_align=\u00bbcenter\u00bb header_2_text_color=\u00bb#ffffff\u00bb header_2_font_size=\u00bb20px\u00bb header_2_line_height=\u00bb1.3em\u00bb hover_enabled=\u00bb0&#8243; header_font_size_tablet=\u00bb\u00bb header_font_size_phone=\u00bb28px\u00bb header_font_size_last_edited=\u00bbon|phone\u00bb header_2_text_align_tablet=\u00bbleft\u00bb header_2_text_align_phone=\u00bb\u00bb header_2_text_align_last_edited=\u00bbon|phone\u00bb header_2_font_size_phone=\u00bb28px\u00bb header_2_font_size_last_edited=\u00bboff|desktop\u00bb sticky_enabled=\u00bb0&#8243;]<\/p>\n<h2>P\u00e1gina en construcci\u00f3n<\/h2>\n<p>[\/et_pb_text][\/et_pb_column][\/et_pb_row][\/et_pb_section][et_pb_section fb_built=\u00bb1&#8243; admin_label=\u00bbComing Soon Page With Animated Gradient Background<br \/>\n\u00bb module_id=\u00bbcoming-soon-01&#8243; module_class=\u00bbanimate-gradient-background\u00bb _builder_version=\u00bb4.6.1&#8243; background_color=\u00bb#8300e9&#8243; background_enable_image=\u00bboff\u00bb top_divider_style=\u00bbasymmetric2&#8243; top_divider_color=\u00bbrgba(255,255,255,0.1)\u00bb top_divider_height=\u00bb170px\u00bb bottom_divider_style=\u00bbasymmetric2&#8243; bottom_divider_color=\u00bbrgba(255,255,255,0.1)\u00bb bottom_divider_height=\u00bb170px\u00bb bottom_divider_flip=\u00bbhorizontal|vertical\u00bb hover_enabled=\u00bb0&#8243; custom_css_main_element=\u00bbmin-height: 100vh;||display: flex;||flex-direction: column;\u00bb collapsed=\u00bboff\u00bb sticky_enabled=\u00bb0&#8243; custom_padding=\u00bb2px|||||\u00bb][et_pb_row use_custom_gutter=\u00bbon\u00bb gutter_width=\u00bb2&#8243; make_equal=\u00bbon\u00bb _builder_version=\u00bb4.6.1&#8243; width=\u00bb90%\u00bb width_tablet=\u00bb90%\u00bb width_phone=\u00bb90%\u00bb width_last_edited=\u00bbon|phone\u00bb max_width=\u00bb1170px\u00bb max_width_tablet=\u00bb90%\u00bb max_width_phone=\u00bb90%\u00bb max_width_last_edited=\u00bbon|desktop\u00bb custom_margin=\u00bb19px|auto||auto|false|false\u00bb hover_enabled=\u00bb0&#8243; collapsed=\u00bboff\u00bb sticky_enabled=\u00bb0&#8243;][et_pb_column type=\u00bb4_4&#8243; _builder_version=\u00bb4.0.6&#8243;][et_pb_image src=\u00bbhttps:\/\/solnerg.cl\/hazte-parte\/wp-content\/uploads\/2020\/09\/logo-feher-1.png\u00bb alt=\u00bblogo\u00bb title_text=\u00bblogo\u00bb url=\u00bb#\u00bb align=\u00bbcenter\u00bb _builder_version=\u00bb4.5.3&#8243; max_width=\u00bb110px\u00bb module_alignment=\u00bbcenter\u00bb custom_margin=\u00bb|||530px||\u00bb][\/et_pb_image][et_pb_text _builder_version=\u00bb4.6.1&#8243; header_font=\u00bbComfortaa|700|||||||\u00bb header_text_align=\u00bbcenter\u00bb header_text_color=\u00bb#ffffff\u00bb header_font_size=\u00bb46px\u00bb custom_margin=\u00bb15px||||false|false\u00bb hover_enabled=\u00bb0&#8243; header_font_size_tablet=\u00bb\u00bb header_font_size_phone=\u00bb38px\u00bb header_font_size_last_edited=\u00bbon|phone\u00bb sticky_enabled=\u00bb0&#8243;]<\/p>\n<h1>En Desarrollo<\/h1>\n<p>[\/et_pb_text][et_pb_countdown_timer date_time=\u00bb2020-09-17 01:26&#8243; module_class=\u00bbcoming-soon-style-01&#8243; _builder_version=\u00bb4.6.1&#8243; numbers_font=\u00bbComfortaa|600|||||||\u00bb numbers_text_color=\u00bb#ffffff\u00bb numbers_font_size=\u00bb52px\u00bb numbers_line_height=\u00bb55px\u00bb separator_font=\u00bbComfortaa||||||||\u00bb separator_text_color=\u00bbrgba(0,0,0,0)\u00bb separator_font_size=\u00bb0px\u00bb label_font=\u00bbComfortaa|700|||||||\u00bb label_text_color=\u00bb#ffffff\u00bb label_font_size=\u00bb14px\u00bb label_line_height=\u00bb60px\u00bb use_background_color=\u00bboff\u00bb module_alignment=\u00bbcenter\u00bb custom_margin=\u00bb70px||||false|false\u00bb hover_enabled=\u00bb0&#8243; numbers_font_size_tablet=\u00bb46px\u00bb numbers_font_size_phone=\u00bb30px\u00bb numbers_font_size_last_edited=\u00bbon|desktop\u00bb label_font_size_tablet=\u00bb\u00bb label_font_size_phone=\u00bb12px\u00bb label_font_size_last_edited=\u00bbon|phone\u00bb sticky_enabled=\u00bb0&#8243;][\/et_pb_countdown_timer][et_pb_code admin_label=\u00bbCustom CSS &#8211; NO DELETE!\u00bb _builder_version=\u00bb4.6.1&#8243; hover_enabled=\u00bb0&#8243; locked=\u00bboff\u00bb sticky_enabled=\u00bb0&#8243;]<\/p>\n<style>.animate-gradient-background {<!-- [et_pb_line_break_holder] -->\tbackground: linear-gradient(62deg, #3423a6, #ff0062, #0005b3, #00f763);<!-- [et_pb_line_break_holder] -->\tbackground-size: 400% 400%;<!-- [et_pb_line_break_holder] -->\t-webkit-animation: gradient 20s ease infinite;<!-- [et_pb_line_break_holder] -->\tanimation: gradient 20s ease infinite;<!-- [et_pb_line_break_holder] -->} <!-- [et_pb_line_break_holder] -->@-webkit-keyframes gradient {<!-- [et_pb_line_break_holder] -->\t0% {<!-- [et_pb_line_break_holder] -->\t\tbackground-position: 0% 50%;<!-- [et_pb_line_break_holder] -->\t}<!-- [et_pb_line_break_holder] -->\t50% {<!-- [et_pb_line_break_holder] -->\t\tbackground-position: 100% 50%;<!-- [et_pb_line_break_holder] -->\t}<!-- [et_pb_line_break_holder] -->\t100% {<!-- [et_pb_line_break_holder] -->\t\tbackground-position: 0% 50%;<!-- [et_pb_line_break_holder] -->\t}<!-- [et_pb_line_break_holder] -->}<!-- [et_pb_line_break_holder] -->@keyframes gradient {<!-- [et_pb_line_break_holder] -->\t0% {<!-- [et_pb_line_break_holder] -->\t\tbackground-position: 0% 50%;<!-- [et_pb_line_break_holder] -->\t}<!-- [et_pb_line_break_holder] -->\t50% {<!-- [et_pb_line_break_holder] -->\t\tbackground-position: 100% 50%;<!-- [et_pb_line_break_holder] -->\t}<!-- [et_pb_line_break_holder] -->\t100% {<!-- [et_pb_line_break_holder] -->\t\tbackground-position: 0% 50%;<!-- [et_pb_line_break_holder] -->\t}<!-- [et_pb_line_break_holder] -->}<!-- [et_pb_line_break_holder] --><!-- [et_pb_line_break_holder] -->.coming-soon-style-01 .section.values {<!-- [et_pb_line_break_holder] -->background-color:rgba(0,0,0,0.3);<!-- [et_pb_line_break_holder] -->padding-top:40px;<!-- [et_pb_line_break_holder] -->  padding-bottom:10px;<!-- [et_pb_line_break_holder] -->  margin-right:10px;<!-- [et_pb_line_break_holder] -->}<!-- [et_pb_line_break_holder] --><\/style>\n<p>[\/et_pb_code][et_pb_text _builder_version=\u00bb4.6.1&#8243; _module_preset=\u00bbdefault\u00bb text_text_color=\u00bb#ffffff\u00bb text_font_size=\u00bb16px\u00bb custom_margin=\u00bb|50px||50px|false|false\u00bb hover_enabled=\u00bb0&#8243; sticky_enabled=\u00bb0&#8243;]<\/p>\n<p>Entr\u00e9ganos el contacto de quien pudiera estar interesado en desarrollar un proyecto de eficiencia energ\u00e9tica y si el negocio sale adelante (se concreta), te premiaremos con un premio de $300.000. <br \/>Nos imaginamos principalmente edificios residenciales a trav\u00e9s de su comit\u00e9 de administraci\u00f3n (due\u00f1os y Negocios comerciales\/Industriales, a trav\u00e9s de sus Gerentes T\u00e9cnicos y\/o de Operaciones.<\/p>\n<p>Queremos ser un aporte en la reducci\u00f3n de quema de combustibles f\u00f3siles e implementar, en la medida de los posible, de soluciones que entreguen la energ\u00eda de fuentes renovables e infinitas.<\/p>\n<p>[\/et_pb_text][\/et_pb_column][\/et_pb_row][\/et_pb_section]<\/p>\n","protected":false},"excerpt":{"rendered":"<p>P\u00e1gina en construcci\u00f3n En Desarrollo Entr\u00e9ganos el contacto de quien pudiera estar interesado en desarrollar un proyecto de eficiencia energ\u00e9tica y si el negocio sale adelante (se concreta), te premiaremos con un premio de $300.000. Nos imaginamos principalmente edificios residenciales a trav\u00e9s de su comit\u00e9 de administraci\u00f3n (due\u00f1os y Negocios comerciales\/Industriales, a trav\u00e9s de sus [&hellip;]<\/p>\n","protected":false},"author":1,"featured_media":0,"parent":0,"menu_order":0,"comment_status":"closed","ping_status":"open","template":"","meta":{"_et_pb_use_builder":"on","_et_pb_old_content":"<!-- wp:paragraph -->\r\n<p>This is an example page. It's different from a blog post because it will stay in one place and will show up in your site navigation (in most themes). Most people start with an About page that introduces them to potential site visitors. It might say something like this:<\/p>\r\n<!-- \/wp:paragraph --><!-- wp:quote -->\r\n<blockquote class=\"wp-block-quote\">\r\n<p>Hi there! I'm a bike messenger by day, aspiring actor by night, and this is my website. I live in Los Angeles, have a great dog named Jack, and I like pi\u00f1a coladas. (And gettin' caught in the rain.)<\/p>\r\n<\/blockquote>\r\n<!-- \/wp:quote --><!-- wp:paragraph -->\r\n<p>...or something like this:<\/p>\r\n<!-- \/wp:paragraph --><!-- wp:quote -->\r\n<blockquote class=\"wp-block-quote\">\r\n<p>The XYZ Doohickey Company was founded in 1971, and has been providing quality doohickeys to the public ever since. Located in Gotham City, XYZ employs over 2,000 people and does all kinds of awesome things for the Gotham community.<\/p>\r\n<\/blockquote>\r\n<!-- \/wp:quote --><!-- wp:paragraph -->\r\n<p>As a new WordPress user, you should go to <a href=\"http:\/\/solnerg.cl\/hazte-parte\/wp-admin\/\">your dashboard<\/a> to delete this page and create new pages for your content. Have fun!<\/p>\r\n<!-- \/wp:paragraph -->","_et_gb_content_width":"","footnotes":""},"_links":{"self":[{"href":"https:\/\/solnerg.cl\/hazte-parte\/wp-json\/wp\/v2\/pages\/2"}],"collection":[{"href":"https:\/\/solnerg.cl\/hazte-parte\/wp-json\/wp\/v2\/pages"}],"about":[{"href":"https:\/\/solnerg.cl\/hazte-parte\/wp-json\/wp\/v2\/types\/page"}],"author":[{"embeddable":true,"href":"https:\/\/solnerg.cl\/hazte-parte\/wp-json\/wp\/v2\/users\/1"}],"replies":[{"embeddable":true,"href":"https:\/\/solnerg.cl\/hazte-parte\/wp-json\/wp\/v2\/comments?post=2"}],"version-history":[{"count":15,"href":"https:\/\/solnerg.cl\/hazte-parte\/wp-json\/wp\/v2\/pages\/2\/revisions"}],"predecessor-version":[{"id":8,"href":"https:\/\/solnerg.cl\/hazte-parte\/wp-json\/wp\/v2\/pages\/2\/revisions\/8"}],"wp:attachment":[{"href":"https:\/\/solnerg.cl\/hazte-parte\/wp-json\/wp\/v2\/media?parent=2"}],"curies":[{"name":"wp","href":"https:\/\/api.w.org\/{rel}","templated":true}]}}